{"id":1313,"date":"2018-02-21T13:05:47","date_gmt":"2018-02-21T13:05:47","guid":{"rendered":"http:\/\/rosebud.mikado-themes.com\/?page_id=1313"},"modified":"2025-07-01T09:54:43","modified_gmt":"2025-07-01T09:54:43","slug":"marigold","status":"publish","type":"page","link":"https:\/\/wheelsrecycle.com\/","title":{"rendered":"Acasa"},"content":{"rendered":"<section class=\"wpb-content-wrapper\"><p>[vc_row][vc_column]<div class=\"mkdf-vertical-split-slider \"><div class=\"mkdf-vss-ms-left\"><div class=\"mkdf-vss-ms-section\" data-header-style=\"light\" style=\"background-image: url();text-align: left\">\n\t<div class=\"mkdf-elements-holder   mkdf-one-column  mkdf-responsive-mode-768 \" ><div class=\"mkdf-eh-item    \"  data-item-class=\"mkdf-eh-custom-4486\" data-1280-1600=\"0 14%\" data-1024-1280=\"0 12%\" data-768-1024=\"23% 22%\" data-680-768=\"40% 18%\" data-680=\"24% 7%\">\n\t<div class=\"mkdf-eh-item-inner\">\n\t\t<div class=\"mkdf-eh-item-content mkdf-eh-custom-4486\" style=\"padding: 0 20%\">\n\t\t\t<div class=\"mkdf-section-title-holder  \" style=\"text-align: left\">\n\t<div class=\"mkdf-st-inner\">\n                <span class=\"mkdf-st-tagline-text\" >\n            Sustenabilitate        <\/span>\n    \t\t\t\t\t<h2 class=\"mkdf-st-title\" >\n\t\t\t\tDespre noi\t\t\t<\/h2>\n\t\t\t\t\t\t\t<p class=\"mkdf-st-text\" >\n\t\t\t\tSuntem o companie nou\u0103 dedicat\u0103 recicl\u0103rii cauciucurilor auto, cu scopul de a transforma de\u0219eurile \u00een resurse valoroase. Prin tehnologie modern\u0103 \u0219i procese sustenabile, contribuim la protejarea mediului \u0219i promov\u0103m economia circular\u0103. Credem \u00eentr-un viitor mai verde \u0219i mai responsabil.\t\t\t<\/p>\n\t\t\t<\/div>\n<\/div>[vc_empty_space][vc_btn title=&#8221;Angajam Operator Productie (Apasa Aici)&#8221; link=&#8221;url:https%3A%2F%2Fwheelsrecycle.com%2Findex.php%2Fangajam-operator-productie%2F|title:Angajam%20Operator%20Productie&#8221;]\t\t<\/div>\n\t<\/div>\n<\/div><\/div><\/div><div class=\"mkdf-vss-ms-section\" data-header-style=\"dark\" style=\"background-image: url(https:\/\/wheelsrecycle.com\/wp-content\/uploads\/2025\/01\/wheelsrecycle-srl-2.png);text-align: center\">\n\t<\/div><div class=\"mkdf-vss-ms-section\" data-header-style=\"light\" style=\"background-image: url();text-align: left\">\n\t<div class=\"mkdf-elements-holder   mkdf-one-column  mkdf-responsive-mode-768 \" ><div class=\"mkdf-eh-item    \"  data-item-class=\"mkdf-eh-custom-3767\" data-1280-1600=\"0 14%\" data-1024-1280=\"0 12%\" data-768-1024=\"23% 22%\" data-680-768=\"40% 18%\" data-680=\"24% 7%\">\n\t<div class=\"mkdf-eh-item-inner\">\n\t\t<div class=\"mkdf-eh-item-content mkdf-eh-custom-3767\" style=\"padding: 0 20%\">\n\t\t\t<div class=\"mkdf-section-title-holder  \" style=\"text-align: left\">\n\t<div class=\"mkdf-st-inner\">\n        \t\t\t\t\t<h2 class=\"mkdf-st-title\" >\n\t\t\t\tContact\t\t\t<\/h2>\n\t\t\t\t\t\t\t<p class=\"mkdf-st-text\" >\n\t\t\t\tColect\u0103m orice tip de cauciuc uzat de la persoane fizice sau juridice. Scopul nostru este s\u0103 oferim acestor materiale o a doua via\u021b\u0103, transform\u00e2ndu-le \u00een solu\u021bii utile pentru spa\u021bii de antrenament sau locuri de joac\u0103. Contacta\u021bi-ne pentru a contribui \u00eempreun\u0103 la un mediu mai curat!\t\t\t<\/p>\n\t\t\t<\/div>\n<\/div>[vc_empty_space][vc_cta h2=&#8221;Info&#8221; style=&#8221;3d&#8221;]Mail: <strong>wheelsrecycle@gmail.com<\/strong><br \/>\nTel: <strong>0756770289<\/strong><br \/>\nAdresa: <strong>Str. Livezeni 69, Hala SDV, Depozit 11<\/strong><br \/>\nFirma: <strong>Wheels Recycle SRL (CUI: 46761239)<\/strong>[\/vc_cta]\t\t<\/div>\n\t<\/div>\n<\/div><\/div><\/div><\/div><div class=\"mkdf-vss-ms-right\"><div class=\"mkdf-vss-ms-section\" data-header-style=\"light\" style=\"background-image: url(https:\/\/wheelsrecycle.com\/wp-content\/uploads\/2025\/01\/wheelsrecycle-srl.png);text-align: center\">\n\t<\/div><div class=\"mkdf-vss-ms-section\" data-header-style=\"dark\" style=\"background-image: url();text-align: left\">\n\t<div class=\"mkdf-elements-holder   mkdf-one-column  mkdf-responsive-mode-768 \" ><div class=\"mkdf-eh-item    \"  data-item-class=\"mkdf-eh-custom-4846\" data-1280-1600=\"0 14%\" data-1024-1280=\"0 12%\" data-768-1024=\"23% 22%\" data-680-768=\"40% 18%\" data-680=\"24% 7%\">\n\t<div class=\"mkdf-eh-item-inner\">\n\t\t<div class=\"mkdf-eh-item-content mkdf-eh-custom-4846\" style=\"padding: 0 20%\">\n\t\t\t<div class=\"mkdf-section-title-holder  \" style=\"text-align: left\">\n\t<div class=\"mkdf-st-inner\">\n                <span class=\"mkdf-st-tagline-text\" >\n            Reciclare        <\/span>\n    \t\t\t\t\t<h2 class=\"mkdf-st-title\" >\n\t\t\t\tCe producem\t\t\t<\/h2>\n\t\t\t\t\t\t\t<p class=\"mkdf-st-text\" >\n\t\t\t\tFiind la \u00eenceput de drum \u00eentr-un domeniu vast precum reciclarea, ne concentr\u0103m pe producerea de dale cauciucate ideale pentru case, parcuri \u0219i alte spa\u021bii recreative. Aceste produse ofer\u0103 durabilitate, siguran\u021b\u0103 \u0219i un impact pozitiv asupra mediului.\t\t\t<\/p>\n\t\t\t<\/div>\n<\/div>[vc_empty_space]\t\t<\/div>\n\t<\/div>\n<\/div><\/div><\/div><div class=\"mkdf-vss-ms-section\" data-header-style=\"light\" style=\"background-image: url(https:\/\/wheelsrecycle.com\/wp-content\/uploads\/2025\/01\/wheels-recycle-contact.png);padding: 0 20%;text-align: center\">\n\t<\/div><\/div><div class=\"mkdf-vss-horizontal-mask\"><\/div><div class=\"mkdf-vss-vertical-mask\"><\/div><\/div>[\/vc_column][\/vc_row]<\/p>\n<\/section>","protected":false},"excerpt":{"rendered":"<p>[vc_row][vc_column][\/vc_column][\/vc_row]<\/p>\n","protected":false},"author":1,"featured_media":0,"parent":0,"menu_order":0,"comment_status":"closed","ping_status":"closed","template":"full-width.php","meta":{"footnotes":""},"class_list":["post-1313","page","type-page","status-publish","hentry"],"_links":{"self":[{"href":"https:\/\/wheelsrecycle.com\/index.php\/wp-json\/wp\/v2\/pages\/1313","targetHints":{"allow":["GET"]}}],"collection":[{"href":"https:\/\/wheelsrecycle.com\/index.php\/wp-json\/wp\/v2\/pages"}],"about":[{"href":"https:\/\/wheelsrecycle.com\/index.php\/wp-json\/wp\/v2\/types\/page"}],"author":[{"embeddable":true,"href":"https:\/\/wheelsrecycle.com\/index.php\/wp-json\/wp\/v2\/users\/1"}],"replies":[{"embeddable":true,"href":"https:\/\/wheelsrecycle.com\/index.php\/wp-json\/wp\/v2\/comments?post=1313"}],"version-history":[{"count":25,"href":"https:\/\/wheelsrecycle.com\/index.php\/wp-json\/wp\/v2\/pages\/1313\/revisions"}],"predecessor-version":[{"id":1928,"href":"https:\/\/wheelsrecycle.com\/index.php\/wp-json\/wp\/v2\/pages\/1313\/revisions\/1928"}],"wp:attachment":[{"href":"https:\/\/wheelsrecycle.com\/index.php\/wp-json\/wp\/v2\/media?parent=1313"}],"curies":[{"name":"wp","href":"https:\/\/api.w.org\/{rel}","templated":true}]}}